{"id":1701,"date":"2025-12-17T10:19:25","date_gmt":"2025-12-17T09:19:25","guid":{"rendered":"https:\/\/www.evlaser.com\/assistenza-tecnica\/"},"modified":"2026-01-19T18:01:13","modified_gmt":"2026-01-19T17:01:13","slug":"technischer-support","status":"publish","type":"page","link":"https:\/\/www.evlaser.com\/de\/technischer-support\/","title":{"rendered":"TECHNISCHER SUPPORT"},"content":{"rendered":"<p>Unser technischer Support-Service ist darauf ausgelegt, dank der Expertise unseres Teams aus spezialisierten Technikern und qualifizierten Ingenieuren umgehend auf Ihre Bed\u00fcrfnisse zu reagieren. Wir garantieren schnelle Eingriffe, um Maschinenstillstandszeiten zu minimieren und die Kontinuit\u00e4t und Effizienz Ihrer Betriebsabl\u00e4ufe zu gew\u00e4hrleisten.<\/p>\n<p>Mit Sitz im Herzen des norditalienischen Industriegebiets ist EVLaser ein Bezugspunkt f\u00fcr die Installation und Unterst\u00fctzung von Laserbeschriftungssystemen und industriellen automatisierten L\u00f6sungen. Wir halten stets Liefertermine ein, ein Aspekt, der uns in der Branche auszeichnet.<\/p>\n","protected":false},"excerpt":{"rendered":"<p>Unser technischer Support-Service ist darauf ausgelegt, dank der Expertise unseres Teams aus spezialisierten Technikern und qualifizierten Ingenieuren umgehend auf Ihre [&hellip;]<\/p>\n","protected":false},"author":1,"featured_media":1616,"parent":0,"menu_order":0,"comment_status":"closed","ping_status":"closed","template":"page-assistenza.php","meta":{"_acf_changed":false,"inline_featured_image":false,"footnotes":""},"class_list":["post-1701","page","type-page","status-publish","has-post-thumbnail","hentry"],"acf":[],"yoast_head":"<!-- This site is optimized with the Yoast SEO plugin v27.5 - https:\/\/yoast.com\/product\/yoast-seo-wordpress\/ -->\n<title>EVLaser Technischer Support \u2013 Schnelle Hilfe f\u00fcr Lasermaschinen<\/title>\n<meta name=\"description\" content=\"Entdecken Sie den EVLaser Technischen Support f\u00fcr fachkundige Hilfe und schnelle Eins\u00e4tze an industriellen Markiersystemen. Fordern Sie jetzt Unterst\u00fctzung an.\" \/>\n<meta name=\"robots\" content=\"index, follow, max-snippet:-1, max-image-preview:large, max-video-preview:-1\" \/>\n<link rel=\"canonical\" href=\"https:\/\/www.evlaser.com\/de\/technischer-support\/\" \/>\n<meta property=\"og:locale\" content=\"de_DE\" \/>\n<meta property=\"og:type\" content=\"article\" \/>\n<meta property=\"og:title\" content=\"EVLaser Technischer Support \u2013 Schnelle Hilfe f\u00fcr Lasermaschinen\" \/>\n<meta property=\"og:description\" content=\"Entdecken Sie den EVLaser Technischen Support f\u00fcr fachkundige Hilfe und schnelle Eins\u00e4tze an industriellen Markiersystemen. Fordern Sie jetzt Unterst\u00fctzung an.\" \/>\n<meta property=\"og:url\" content=\"https:\/\/www.evlaser.com\/de\/technischer-support\/\" \/>\n<meta property=\"og:site_name\" content=\"EVLASER\" \/>\n<meta property=\"article:modified_time\" content=\"2026-01-19T17:01:13+00:00\" \/>\n<meta property=\"og:image\" content=\"https:\/\/www.evlaser.com\/wp-content\/uploads\/2025\/12\/assistenza-tecnica-evlaser-laser.webp\" \/>\n\t<meta property=\"og:image:width\" content=\"1920\" \/>\n\t<meta property=\"og:image:height\" content=\"1099\" \/>\n\t<meta property=\"og:image:type\" content=\"image\/webp\" \/>\n<meta name=\"twitter:card\" content=\"summary_large_image\" \/>\n<meta name=\"twitter:label1\" content=\"Gesch\u00e4tzte Lesezeit\" \/>\n\t<meta name=\"twitter:data1\" content=\"1\u00a0Minute\" \/>\n<script type=\"application\/ld+json\" class=\"yoast-schema-graph\">{\"@context\":\"https:\\\/\\\/schema.org\",\"@graph\":[{\"@type\":\"WebPage\",\"@id\":\"https:\\\/\\\/www.evlaser.com\\\/de\\\/technischer-support\\\/\",\"url\":\"https:\\\/\\\/www.evlaser.com\\\/de\\\/technischer-support\\\/\",\"name\":\"EVLaser Technischer Support \u2013 Schnelle Hilfe f\u00fcr Lasermaschinen\",\"isPartOf\":{\"@id\":\"https:\\\/\\\/www.evlaser.com\\\/de\\\/#website\"},\"primaryImageOfPage\":{\"@id\":\"https:\\\/\\\/www.evlaser.com\\\/de\\\/technischer-support\\\/#primaryimage\"},\"image\":{\"@id\":\"https:\\\/\\\/www.evlaser.com\\\/de\\\/technischer-support\\\/#primaryimage\"},\"thumbnailUrl\":\"https:\\\/\\\/www.evlaser.com\\\/wp-content\\\/uploads\\\/2025\\\/12\\\/assistenza-tecnica-evlaser-laser.webp\",\"datePublished\":\"2025-12-17T09:19:25+00:00\",\"dateModified\":\"2026-01-19T17:01:13+00:00\",\"description\":\"Entdecken Sie den EVLaser Technischen Support f\u00fcr fachkundige Hilfe und schnelle Eins\u00e4tze an industriellen Markiersystemen. Fordern Sie jetzt Unterst\u00fctzung an.\",\"breadcrumb\":{\"@id\":\"https:\\\/\\\/www.evlaser.com\\\/de\\\/technischer-support\\\/#breadcrumb\"},\"inLanguage\":\"de\",\"potentialAction\":[{\"@type\":\"ReadAction\",\"target\":[\"https:\\\/\\\/www.evlaser.com\\\/de\\\/technischer-support\\\/\"]}]},{\"@type\":\"ImageObject\",\"inLanguage\":\"de\",\"@id\":\"https:\\\/\\\/www.evlaser.com\\\/de\\\/technischer-support\\\/#primaryimage\",\"url\":\"https:\\\/\\\/www.evlaser.com\\\/wp-content\\\/uploads\\\/2025\\\/12\\\/assistenza-tecnica-evlaser-laser.webp\",\"contentUrl\":\"https:\\\/\\\/www.evlaser.com\\\/wp-content\\\/uploads\\\/2025\\\/12\\\/assistenza-tecnica-evlaser-laser.webp\",\"width\":1920,\"height\":1099,\"caption\":\"Evlaser Technical support - Assistenza Tecnica Evlaser Laser\"},{\"@type\":\"BreadcrumbList\",\"@id\":\"https:\\\/\\\/www.evlaser.com\\\/de\\\/technischer-support\\\/#breadcrumb\",\"itemListElement\":[{\"@type\":\"ListItem\",\"position\":1,\"name\":\"Home\",\"item\":\"https:\\\/\\\/www.evlaser.com\\\/de\\\/\"},{\"@type\":\"ListItem\",\"position\":2,\"name\":\"TECHNISCHER SUPPORT\"}]},{\"@type\":\"WebSite\",\"@id\":\"https:\\\/\\\/www.evlaser.com\\\/de\\\/#website\",\"url\":\"https:\\\/\\\/www.evlaser.com\\\/de\\\/\",\"name\":\"EVLASER\",\"description\":\"\",\"potentialAction\":[{\"@type\":\"SearchAction\",\"target\":{\"@type\":\"EntryPoint\",\"urlTemplate\":\"https:\\\/\\\/www.evlaser.com\\\/de\\\/?s={search_term_string}\"},\"query-input\":{\"@type\":\"PropertyValueSpecification\",\"valueRequired\":true,\"valueName\":\"search_term_string\"}}],\"inLanguage\":\"de\"}]}<\/script>\n<!-- \/ Yoast SEO plugin. -->","yoast_head_json":{"title":"EVLaser Technischer Support \u2013 Schnelle Hilfe f\u00fcr Lasermaschinen","description":"Entdecken Sie den EVLaser Technischen Support f\u00fcr fachkundige Hilfe und schnelle Eins\u00e4tze an industriellen Markiersystemen. Fordern Sie jetzt Unterst\u00fctzung an.","robots":{"index":"index","follow":"follow","max-snippet":"max-snippet:-1","max-image-preview":"max-image-preview:large","max-video-preview":"max-video-preview:-1"},"canonical":"https:\/\/www.evlaser.com\/de\/technischer-support\/","og_locale":"de_DE","og_type":"article","og_title":"EVLaser Technischer Support \u2013 Schnelle Hilfe f\u00fcr Lasermaschinen","og_description":"Entdecken Sie den EVLaser Technischen Support f\u00fcr fachkundige Hilfe und schnelle Eins\u00e4tze an industriellen Markiersystemen. Fordern Sie jetzt Unterst\u00fctzung an.","og_url":"https:\/\/www.evlaser.com\/de\/technischer-support\/","og_site_name":"EVLASER","article_modified_time":"2026-01-19T17:01:13+00:00","og_image":[{"width":1920,"height":1099,"url":"https:\/\/www.evlaser.com\/wp-content\/uploads\/2025\/12\/assistenza-tecnica-evlaser-laser.webp","type":"image\/webp"}],"twitter_card":"summary_large_image","twitter_misc":{"Gesch\u00e4tzte Lesezeit":"1\u00a0Minute"},"schema":{"@context":"https:\/\/schema.org","@graph":[{"@type":"WebPage","@id":"https:\/\/www.evlaser.com\/de\/technischer-support\/","url":"https:\/\/www.evlaser.com\/de\/technischer-support\/","name":"EVLaser Technischer Support \u2013 Schnelle Hilfe f\u00fcr Lasermaschinen","isPartOf":{"@id":"https:\/\/www.evlaser.com\/de\/#website"},"primaryImageOfPage":{"@id":"https:\/\/www.evlaser.com\/de\/technischer-support\/#primaryimage"},"image":{"@id":"https:\/\/www.evlaser.com\/de\/technischer-support\/#primaryimage"},"thumbnailUrl":"https:\/\/www.evlaser.com\/wp-content\/uploads\/2025\/12\/assistenza-tecnica-evlaser-laser.webp","datePublished":"2025-12-17T09:19:25+00:00","dateModified":"2026-01-19T17:01:13+00:00","description":"Entdecken Sie den EVLaser Technischen Support f\u00fcr fachkundige Hilfe und schnelle Eins\u00e4tze an industriellen Markiersystemen. Fordern Sie jetzt Unterst\u00fctzung an.","breadcrumb":{"@id":"https:\/\/www.evlaser.com\/de\/technischer-support\/#breadcrumb"},"inLanguage":"de","potentialAction":[{"@type":"ReadAction","target":["https:\/\/www.evlaser.com\/de\/technischer-support\/"]}]},{"@type":"ImageObject","inLanguage":"de","@id":"https:\/\/www.evlaser.com\/de\/technischer-support\/#primaryimage","url":"https:\/\/www.evlaser.com\/wp-content\/uploads\/2025\/12\/assistenza-tecnica-evlaser-laser.webp","contentUrl":"https:\/\/www.evlaser.com\/wp-content\/uploads\/2025\/12\/assistenza-tecnica-evlaser-laser.webp","width":1920,"height":1099,"caption":"Evlaser Technical support - Assistenza Tecnica Evlaser Laser"},{"@type":"BreadcrumbList","@id":"https:\/\/www.evlaser.com\/de\/technischer-support\/#breadcrumb","itemListElement":[{"@type":"ListItem","position":1,"name":"Home","item":"https:\/\/www.evlaser.com\/de\/"},{"@type":"ListItem","position":2,"name":"TECHNISCHER SUPPORT"}]},{"@type":"WebSite","@id":"https:\/\/www.evlaser.com\/de\/#website","url":"https:\/\/www.evlaser.com\/de\/","name":"EVLASER","description":"","potentialAction":[{"@type":"SearchAction","target":{"@type":"EntryPoint","urlTemplate":"https:\/\/www.evlaser.com\/de\/?s={search_term_string}"},"query-input":{"@type":"PropertyValueSpecification","valueRequired":true,"valueName":"search_term_string"}}],"inLanguage":"de"}]}},"_links":{"self":[{"href":"https:\/\/www.evlaser.com\/de\/wp-json\/wp\/v2\/pages\/1701","targetHints":{"allow":["GET"]}}],"collection":[{"href":"https:\/\/www.evlaser.com\/de\/wp-json\/wp\/v2\/pages"}],"about":[{"href":"https:\/\/www.evlaser.com\/de\/wp-json\/wp\/v2\/types\/page"}],"author":[{"embeddable":true,"href":"https:\/\/www.evlaser.com\/de\/wp-json\/wp\/v2\/users\/1"}],"replies":[{"embeddable":true,"href":"https:\/\/www.evlaser.com\/de\/wp-json\/wp\/v2\/comments?post=1701"}],"version-history":[{"count":1,"href":"https:\/\/www.evlaser.com\/de\/wp-json\/wp\/v2\/pages\/1701\/revisions"}],"predecessor-version":[{"id":1702,"href":"https:\/\/www.evlaser.com\/de\/wp-json\/wp\/v2\/pages\/1701\/revisions\/1702"}],"wp:featuredmedia":[{"embeddable":true,"href":"https:\/\/www.evlaser.com\/de\/wp-json\/wp\/v2\/media\/1616"}],"wp:attachment":[{"href":"https:\/\/www.evlaser.com\/de\/wp-json\/wp\/v2\/media?parent=1701"}],"curies":[{"name":"wp","href":"https:\/\/api.w.org\/{rel}","templated":true}]}}