{"id":1710,"date":"2025-12-17T11:20:54","date_gmt":"2025-12-17T10:20:54","guid":{"rendered":"https:\/\/www.evlaser.com\/soluzioni-laser-personalizzate\/"},"modified":"2026-01-19T18:14:54","modified_gmt":"2026-01-19T17:14:54","slug":"kundenspezifische-laserloesungen","status":"publish","type":"page","link":"https:\/\/www.evlaser.com\/de\/kundenspezifische-laserloesungen\/","title":{"rendered":"KUNDENSPEZIFISCHE LASERL\u00d6SUNGEN"},"content":{"rendered":"<p>Mit \u00fcber 40 Jahren Erfahrung und modernster Lasertechnologie entwickeln wir ma\u00dfgeschneiderte L\u00f6sungen f\u00fcr die automatisierte Produktion und gew\u00e4hrleisten so Effizienz und Pr\u00e4zision in Ihren industriellen Prozessen. W\u00e4hlen Sie die Lasermarkierungskonfiguration oder das industrielle Reinigungssystem, das am besten zu Ihren Produktionsanforderungen passt \u2013 ausgew\u00e4hlt nach Anwendungsbereich und Branche.<\/p>\n","protected":false},"excerpt":{"rendered":"<p>Mit \u00fcber 40 Jahren Erfahrung und modernster Lasertechnologie entwickeln wir ma\u00dfgeschneiderte L\u00f6sungen f\u00fcr die automatisierte Produktion und gew\u00e4hrleisten so Effizienz [&hellip;]<\/p>\n","protected":false},"author":1,"featured_media":1825,"parent":0,"menu_order":0,"comment_status":"closed","ping_status":"closed","template":"page-custom.php","meta":{"_acf_changed":false,"inline_featured_image":false,"footnotes":""},"class_list":["post-1710","page","type-page","status-publish","has-post-thumbnail","hentry"],"acf":[],"yoast_head":"<!-- This site is optimized with the Yoast SEO plugin v27.5 - https:\/\/yoast.com\/product\/yoast-seo-wordpress\/ -->\n<title>KUNDENSPEZIFISCHE LASERL\u00d6SUNGEN - EVLASER<\/title>\n<meta name=\"description\" content=\"Evlaser entwickelt ma\u00dfgeschneiderte L\u00f6sungen f\u00fcr die automatisierte Produktion und gew\u00e4hrleistet Effizienz und Pr\u00e4zision in Ihren Industrieprozessen.\" \/>\n<meta name=\"robots\" content=\"index, follow, max-snippet:-1, max-image-preview:large, max-video-preview:-1\" \/>\n<link rel=\"canonical\" href=\"https:\/\/www.evlaser.com\/de\/kundenspezifische-laserloesungen\/\" \/>\n<meta property=\"og:locale\" content=\"de_DE\" \/>\n<meta property=\"og:type\" content=\"article\" \/>\n<meta property=\"og:title\" content=\"KUNDENSPEZIFISCHE LASERL\u00d6SUNGEN - EVLASER\" \/>\n<meta property=\"og:description\" content=\"Evlaser entwickelt ma\u00dfgeschneiderte L\u00f6sungen f\u00fcr die automatisierte Produktion und gew\u00e4hrleistet Effizienz und Pr\u00e4zision in Ihren Industrieprozessen.\" \/>\n<meta property=\"og:url\" content=\"https:\/\/www.evlaser.com\/de\/kundenspezifische-laserloesungen\/\" \/>\n<meta property=\"og:site_name\" content=\"EVLASER\" \/>\n<meta property=\"article:modified_time\" content=\"2026-01-19T17:14:54+00:00\" \/>\n<meta property=\"og:image\" content=\"https:\/\/www.evlaser.com\/wp-content\/uploads\/2026\/01\/CUSTOM-e1768478066172.webp\" \/>\n\t<meta property=\"og:image:width\" content=\"1718\" \/>\n\t<meta property=\"og:image:height\" content=\"1308\" \/>\n\t<meta property=\"og:image:type\" content=\"image\/webp\" \/>\n<meta name=\"twitter:card\" content=\"summary_large_image\" \/>\n<meta name=\"twitter:label1\" content=\"Gesch\u00e4tzte Lesezeit\" \/>\n\t<meta name=\"twitter:data1\" content=\"1\u00a0Minute\" \/>\n<script type=\"application\/ld+json\" class=\"yoast-schema-graph\">{\"@context\":\"https:\\\/\\\/schema.org\",\"@graph\":[{\"@type\":\"WebPage\",\"@id\":\"https:\\\/\\\/www.evlaser.com\\\/de\\\/kundenspezifische-laserloesungen\\\/\",\"url\":\"https:\\\/\\\/www.evlaser.com\\\/de\\\/kundenspezifische-laserloesungen\\\/\",\"name\":\"KUNDENSPEZIFISCHE LASERL\u00d6SUNGEN - EVLASER\",\"isPartOf\":{\"@id\":\"https:\\\/\\\/www.evlaser.com\\\/de\\\/#website\"},\"primaryImageOfPage\":{\"@id\":\"https:\\\/\\\/www.evlaser.com\\\/de\\\/kundenspezifische-laserloesungen\\\/#primaryimage\"},\"image\":{\"@id\":\"https:\\\/\\\/www.evlaser.com\\\/de\\\/kundenspezifische-laserloesungen\\\/#primaryimage\"},\"thumbnailUrl\":\"https:\\\/\\\/www.evlaser.com\\\/wp-content\\\/uploads\\\/2026\\\/01\\\/CUSTOM-e1768478066172.webp\",\"datePublished\":\"2025-12-17T10:20:54+00:00\",\"dateModified\":\"2026-01-19T17:14:54+00:00\",\"description\":\"Evlaser entwickelt ma\u00dfgeschneiderte L\u00f6sungen f\u00fcr die automatisierte Produktion und gew\u00e4hrleistet Effizienz und Pr\u00e4zision in Ihren Industrieprozessen.\",\"breadcrumb\":{\"@id\":\"https:\\\/\\\/www.evlaser.com\\\/de\\\/kundenspezifische-laserloesungen\\\/#breadcrumb\"},\"inLanguage\":\"de\",\"potentialAction\":[{\"@type\":\"ReadAction\",\"target\":[\"https:\\\/\\\/www.evlaser.com\\\/de\\\/kundenspezifische-laserloesungen\\\/\"]}]},{\"@type\":\"ImageObject\",\"inLanguage\":\"de\",\"@id\":\"https:\\\/\\\/www.evlaser.com\\\/de\\\/kundenspezifische-laserloesungen\\\/#primaryimage\",\"url\":\"https:\\\/\\\/www.evlaser.com\\\/wp-content\\\/uploads\\\/2026\\\/01\\\/CUSTOM-e1768478066172.webp\",\"contentUrl\":\"https:\\\/\\\/www.evlaser.com\\\/wp-content\\\/uploads\\\/2026\\\/01\\\/CUSTOM-e1768478066172.webp\",\"width\":1718,\"height\":1308},{\"@type\":\"BreadcrumbList\",\"@id\":\"https:\\\/\\\/www.evlaser.com\\\/de\\\/kundenspezifische-laserloesungen\\\/#breadcrumb\",\"itemListElement\":[{\"@type\":\"ListItem\",\"position\":1,\"name\":\"Home\",\"item\":\"https:\\\/\\\/www.evlaser.com\\\/de\\\/\"},{\"@type\":\"ListItem\",\"position\":2,\"name\":\"KUNDENSPEZIFISCHE LASERL\u00d6SUNGEN\"}]},{\"@type\":\"WebSite\",\"@id\":\"https:\\\/\\\/www.evlaser.com\\\/de\\\/#website\",\"url\":\"https:\\\/\\\/www.evlaser.com\\\/de\\\/\",\"name\":\"EVLASER\",\"description\":\"\",\"potentialAction\":[{\"@type\":\"SearchAction\",\"target\":{\"@type\":\"EntryPoint\",\"urlTemplate\":\"https:\\\/\\\/www.evlaser.com\\\/de\\\/?s={search_term_string}\"},\"query-input\":{\"@type\":\"PropertyValueSpecification\",\"valueRequired\":true,\"valueName\":\"search_term_string\"}}],\"inLanguage\":\"de\"}]}<\/script>\n<!-- \/ Yoast SEO plugin. -->","yoast_head_json":{"title":"KUNDENSPEZIFISCHE LASERL\u00d6SUNGEN - EVLASER","description":"Evlaser entwickelt ma\u00dfgeschneiderte L\u00f6sungen f\u00fcr die automatisierte Produktion und gew\u00e4hrleistet Effizienz und Pr\u00e4zision in Ihren Industrieprozessen.","robots":{"index":"index","follow":"follow","max-snippet":"max-snippet:-1","max-image-preview":"max-image-preview:large","max-video-preview":"max-video-preview:-1"},"canonical":"https:\/\/www.evlaser.com\/de\/kundenspezifische-laserloesungen\/","og_locale":"de_DE","og_type":"article","og_title":"KUNDENSPEZIFISCHE LASERL\u00d6SUNGEN - EVLASER","og_description":"Evlaser entwickelt ma\u00dfgeschneiderte L\u00f6sungen f\u00fcr die automatisierte Produktion und gew\u00e4hrleistet Effizienz und Pr\u00e4zision in Ihren Industrieprozessen.","og_url":"https:\/\/www.evlaser.com\/de\/kundenspezifische-laserloesungen\/","og_site_name":"EVLASER","article_modified_time":"2026-01-19T17:14:54+00:00","og_image":[{"width":1718,"height":1308,"url":"https:\/\/www.evlaser.com\/wp-content\/uploads\/2026\/01\/CUSTOM-e1768478066172.webp","type":"image\/webp"}],"twitter_card":"summary_large_image","twitter_misc":{"Gesch\u00e4tzte Lesezeit":"1\u00a0Minute"},"schema":{"@context":"https:\/\/schema.org","@graph":[{"@type":"WebPage","@id":"https:\/\/www.evlaser.com\/de\/kundenspezifische-laserloesungen\/","url":"https:\/\/www.evlaser.com\/de\/kundenspezifische-laserloesungen\/","name":"KUNDENSPEZIFISCHE LASERL\u00d6SUNGEN - EVLASER","isPartOf":{"@id":"https:\/\/www.evlaser.com\/de\/#website"},"primaryImageOfPage":{"@id":"https:\/\/www.evlaser.com\/de\/kundenspezifische-laserloesungen\/#primaryimage"},"image":{"@id":"https:\/\/www.evlaser.com\/de\/kundenspezifische-laserloesungen\/#primaryimage"},"thumbnailUrl":"https:\/\/www.evlaser.com\/wp-content\/uploads\/2026\/01\/CUSTOM-e1768478066172.webp","datePublished":"2025-12-17T10:20:54+00:00","dateModified":"2026-01-19T17:14:54+00:00","description":"Evlaser entwickelt ma\u00dfgeschneiderte L\u00f6sungen f\u00fcr die automatisierte Produktion und gew\u00e4hrleistet Effizienz und Pr\u00e4zision in Ihren Industrieprozessen.","breadcrumb":{"@id":"https:\/\/www.evlaser.com\/de\/kundenspezifische-laserloesungen\/#breadcrumb"},"inLanguage":"de","potentialAction":[{"@type":"ReadAction","target":["https:\/\/www.evlaser.com\/de\/kundenspezifische-laserloesungen\/"]}]},{"@type":"ImageObject","inLanguage":"de","@id":"https:\/\/www.evlaser.com\/de\/kundenspezifische-laserloesungen\/#primaryimage","url":"https:\/\/www.evlaser.com\/wp-content\/uploads\/2026\/01\/CUSTOM-e1768478066172.webp","contentUrl":"https:\/\/www.evlaser.com\/wp-content\/uploads\/2026\/01\/CUSTOM-e1768478066172.webp","width":1718,"height":1308},{"@type":"BreadcrumbList","@id":"https:\/\/www.evlaser.com\/de\/kundenspezifische-laserloesungen\/#breadcrumb","itemListElement":[{"@type":"ListItem","position":1,"name":"Home","item":"https:\/\/www.evlaser.com\/de\/"},{"@type":"ListItem","position":2,"name":"KUNDENSPEZIFISCHE LASERL\u00d6SUNGEN"}]},{"@type":"WebSite","@id":"https:\/\/www.evlaser.com\/de\/#website","url":"https:\/\/www.evlaser.com\/de\/","name":"EVLASER","description":"","potentialAction":[{"@type":"SearchAction","target":{"@type":"EntryPoint","urlTemplate":"https:\/\/www.evlaser.com\/de\/?s={search_term_string}"},"query-input":{"@type":"PropertyValueSpecification","valueRequired":true,"valueName":"search_term_string"}}],"inLanguage":"de"}]}},"_links":{"self":[{"href":"https:\/\/www.evlaser.com\/de\/wp-json\/wp\/v2\/pages\/1710","targetHints":{"allow":["GET"]}}],"collection":[{"href":"https:\/\/www.evlaser.com\/de\/wp-json\/wp\/v2\/pages"}],"about":[{"href":"https:\/\/www.evlaser.com\/de\/wp-json\/wp\/v2\/types\/page"}],"author":[{"embeddable":true,"href":"https:\/\/www.evlaser.com\/de\/wp-json\/wp\/v2\/users\/1"}],"replies":[{"embeddable":true,"href":"https:\/\/www.evlaser.com\/de\/wp-json\/wp\/v2\/comments?post=1710"}],"version-history":[{"count":4,"href":"https:\/\/www.evlaser.com\/de\/wp-json\/wp\/v2\/pages\/1710\/revisions"}],"predecessor-version":[{"id":1822,"href":"https:\/\/www.evlaser.com\/de\/wp-json\/wp\/v2\/pages\/1710\/revisions\/1822"}],"wp:featuredmedia":[{"embeddable":true,"href":"https:\/\/www.evlaser.com\/de\/wp-json\/wp\/v2\/media\/1825"}],"wp:attachment":[{"href":"https:\/\/www.evlaser.com\/de\/wp-json\/wp\/v2\/media?parent=1710"}],"curies":[{"name":"wp","href":"https:\/\/api.w.org\/{rel}","templated":true}]}}