{"id":752,"date":"2025-10-02T11:50:56","date_gmt":"2025-10-02T09:50:56","guid":{"rendered":"https:\/\/www.evlaser.com\/company\/"},"modified":"2026-04-15T10:45:29","modified_gmt":"2026-04-15T08:45:29","slug":"unternehmen","status":"publish","type":"page","link":"https:\/\/www.evlaser.com\/de\/unternehmen\/","title":{"rendered":"Unternehmen"},"content":{"rendered":"<p>Unsere Mission ist es, hochpr\u00e4zise und qualitativ hochwertige Industrielaserl\u00f6sungen zu entwickeln, zu verkaufen und zu vermarkten, die speziell auf die Prozesse einzelner Kunden zugeschnitten sind, und nutzen unsere konsolidierte Erfahrung im Bereich Photonik, Robotik, Automatisierung und k\u00fcnstliches Sehen.<\/p>\n<p>Mit \u00fcber 5000 produzierten und weltweit vertriebenen Systemen garantieren wir Erfahrung in der L\u00f6sungsauswahl, Professionalit\u00e4t und hohe Qualit\u00e4t bei der Herstellung von Produkten f\u00fcr Markierungs-, Gravier-, Schwei\u00df- und Mikrobearbeitungsanwendungen. Jeder Kundenprozess ist anders und wir bieten Ihnen dedizierte L\u00f6sungen f\u00fcr Ihre Herausforderungen von heute und morgen, in einer langfristigen und f\u00fcr beide Seiten zufriedenstellenden Beziehung.<\/p>\n","protected":false},"excerpt":{"rendered":"<p>Unsere Mission ist es, hochpr\u00e4zise und qualitativ hochwertige Industrielaserl\u00f6sungen zu entwickeln, zu verkaufen und zu vermarkten, die speziell auf die [&hellip;]<\/p>\n","protected":false},"author":1,"featured_media":2119,"parent":0,"menu_order":0,"comment_status":"closed","ping_status":"closed","template":"page-azienda.php","meta":{"_acf_changed":false,"inline_featured_image":false,"footnotes":""},"class_list":["post-752","page","type-page","status-publish","has-post-thumbnail","hentry"],"acf":[],"yoast_head":"<!-- This site is optimized with the Yoast SEO plugin v27.4 - https:\/\/yoast.com\/product\/yoast-seo-wordpress\/ -->\n<title>EVLaser \u2013 seit \u00fcber 40 Jahren Laserl\u00f6sungen f\u00fcr die Industrie<\/title>\n<meta name=\"description\" content=\"EVLASER ist f\u00fchrend im Bereich von Laserverarbeitungssystemen und fortschrittlicher Industrieautomation, mit Fachkenntnissen in Optik, Robotik und Maschinelles Sehen.\" \/>\n<meta name=\"robots\" content=\"index, follow, max-snippet:-1, max-image-preview:large, max-video-preview:-1\" \/>\n<link rel=\"canonical\" href=\"https:\/\/www.evlaser.com\/de\/unternehmen\/\" \/>\n<meta property=\"og:locale\" content=\"de_DE\" \/>\n<meta property=\"og:type\" content=\"article\" \/>\n<meta property=\"og:title\" content=\"EVLaser \u2013 seit \u00fcber 40 Jahren Laserl\u00f6sungen f\u00fcr die Industrie\" \/>\n<meta property=\"og:description\" content=\"EVLASER ist f\u00fchrend im Bereich von Laserverarbeitungssystemen und fortschrittlicher Industrieautomation, mit Fachkenntnissen in Optik, Robotik und Maschinelles Sehen.\" \/>\n<meta property=\"og:url\" content=\"https:\/\/www.evlaser.com\/de\/unternehmen\/\" \/>\n<meta property=\"og:site_name\" content=\"EVLASER\" \/>\n<meta property=\"article:modified_time\" content=\"2026-04-15T08:45:29+00:00\" \/>\n<meta property=\"og:image\" content=\"https:\/\/www.evlaser.com\/wp-content\/uploads\/2026\/04\/evlaser-produzione-marcatori.laser_-scaled.webp\" \/>\n\t<meta property=\"og:image:width\" content=\"2560\" \/>\n\t<meta property=\"og:image:height\" content=\"1793\" \/>\n\t<meta property=\"og:image:type\" content=\"image\/webp\" \/>\n<meta name=\"twitter:card\" content=\"summary_large_image\" \/>\n<meta name=\"twitter:label1\" content=\"Gesch\u00e4tzte Lesezeit\" \/>\n\t<meta name=\"twitter:data1\" content=\"1\u00a0Minute\" \/>\n<script type=\"application\/ld+json\" class=\"yoast-schema-graph\">{\"@context\":\"https:\\\/\\\/schema.org\",\"@graph\":[{\"@type\":\"WebPage\",\"@id\":\"https:\\\/\\\/www.evlaser.com\\\/de\\\/unternehmen\\\/\",\"url\":\"https:\\\/\\\/www.evlaser.com\\\/de\\\/unternehmen\\\/\",\"name\":\"EVLaser \u2013 seit \u00fcber 40 Jahren Laserl\u00f6sungen f\u00fcr die Industrie\",\"isPartOf\":{\"@id\":\"https:\\\/\\\/www.evlaser.com\\\/de\\\/#website\"},\"primaryImageOfPage\":{\"@id\":\"https:\\\/\\\/www.evlaser.com\\\/de\\\/unternehmen\\\/#primaryimage\"},\"image\":{\"@id\":\"https:\\\/\\\/www.evlaser.com\\\/de\\\/unternehmen\\\/#primaryimage\"},\"thumbnailUrl\":\"https:\\\/\\\/www.evlaser.com\\\/wp-content\\\/uploads\\\/2026\\\/04\\\/evlaser-produzione-marcatori.laser_-scaled.webp\",\"datePublished\":\"2025-10-02T09:50:56+00:00\",\"dateModified\":\"2026-04-15T08:45:29+00:00\",\"description\":\"EVLASER ist f\u00fchrend im Bereich von Laserverarbeitungssystemen und fortschrittlicher Industrieautomation, mit Fachkenntnissen in Optik, Robotik und Maschinelles Sehen.\",\"breadcrumb\":{\"@id\":\"https:\\\/\\\/www.evlaser.com\\\/de\\\/unternehmen\\\/#breadcrumb\"},\"inLanguage\":\"de\",\"potentialAction\":[{\"@type\":\"ReadAction\",\"target\":[\"https:\\\/\\\/www.evlaser.com\\\/de\\\/unternehmen\\\/\"]}]},{\"@type\":\"ImageObject\",\"inLanguage\":\"de\",\"@id\":\"https:\\\/\\\/www.evlaser.com\\\/de\\\/unternehmen\\\/#primaryimage\",\"url\":\"https:\\\/\\\/www.evlaser.com\\\/wp-content\\\/uploads\\\/2026\\\/04\\\/evlaser-produzione-marcatori.laser_-scaled.webp\",\"contentUrl\":\"https:\\\/\\\/www.evlaser.com\\\/wp-content\\\/uploads\\\/2026\\\/04\\\/evlaser-produzione-marcatori.laser_-scaled.webp\",\"width\":2560,\"height\":1793,\"caption\":\"Marcatori Laser Evlaser Produzione\"},{\"@type\":\"BreadcrumbList\",\"@id\":\"https:\\\/\\\/www.evlaser.com\\\/de\\\/unternehmen\\\/#breadcrumb\",\"itemListElement\":[{\"@type\":\"ListItem\",\"position\":1,\"name\":\"Home\",\"item\":\"https:\\\/\\\/www.evlaser.com\\\/de\\\/\"},{\"@type\":\"ListItem\",\"position\":2,\"name\":\"Unternehmen\"}]},{\"@type\":\"WebSite\",\"@id\":\"https:\\\/\\\/www.evlaser.com\\\/de\\\/#website\",\"url\":\"https:\\\/\\\/www.evlaser.com\\\/de\\\/\",\"name\":\"EVLASER\",\"description\":\"\",\"potentialAction\":[{\"@type\":\"SearchAction\",\"target\":{\"@type\":\"EntryPoint\",\"urlTemplate\":\"https:\\\/\\\/www.evlaser.com\\\/de\\\/?s={search_term_string}\"},\"query-input\":{\"@type\":\"PropertyValueSpecification\",\"valueRequired\":true,\"valueName\":\"search_term_string\"}}],\"inLanguage\":\"de\"}]}<\/script>\n<!-- \/ Yoast SEO plugin. -->","yoast_head_json":{"title":"EVLaser \u2013 seit \u00fcber 40 Jahren Laserl\u00f6sungen f\u00fcr die Industrie","description":"EVLASER ist f\u00fchrend im Bereich von Laserverarbeitungssystemen und fortschrittlicher Industrieautomation, mit Fachkenntnissen in Optik, Robotik und Maschinelles Sehen.","robots":{"index":"index","follow":"follow","max-snippet":"max-snippet:-1","max-image-preview":"max-image-preview:large","max-video-preview":"max-video-preview:-1"},"canonical":"https:\/\/www.evlaser.com\/de\/unternehmen\/","og_locale":"de_DE","og_type":"article","og_title":"EVLaser \u2013 seit \u00fcber 40 Jahren Laserl\u00f6sungen f\u00fcr die Industrie","og_description":"EVLASER ist f\u00fchrend im Bereich von Laserverarbeitungssystemen und fortschrittlicher Industrieautomation, mit Fachkenntnissen in Optik, Robotik und Maschinelles Sehen.","og_url":"https:\/\/www.evlaser.com\/de\/unternehmen\/","og_site_name":"EVLASER","article_modified_time":"2026-04-15T08:45:29+00:00","og_image":[{"width":2560,"height":1793,"url":"https:\/\/www.evlaser.com\/wp-content\/uploads\/2026\/04\/evlaser-produzione-marcatori.laser_-scaled.webp","type":"image\/webp"}],"twitter_card":"summary_large_image","twitter_misc":{"Gesch\u00e4tzte Lesezeit":"1\u00a0Minute"},"schema":{"@context":"https:\/\/schema.org","@graph":[{"@type":"WebPage","@id":"https:\/\/www.evlaser.com\/de\/unternehmen\/","url":"https:\/\/www.evlaser.com\/de\/unternehmen\/","name":"EVLaser \u2013 seit \u00fcber 40 Jahren Laserl\u00f6sungen f\u00fcr die Industrie","isPartOf":{"@id":"https:\/\/www.evlaser.com\/de\/#website"},"primaryImageOfPage":{"@id":"https:\/\/www.evlaser.com\/de\/unternehmen\/#primaryimage"},"image":{"@id":"https:\/\/www.evlaser.com\/de\/unternehmen\/#primaryimage"},"thumbnailUrl":"https:\/\/www.evlaser.com\/wp-content\/uploads\/2026\/04\/evlaser-produzione-marcatori.laser_-scaled.webp","datePublished":"2025-10-02T09:50:56+00:00","dateModified":"2026-04-15T08:45:29+00:00","description":"EVLASER ist f\u00fchrend im Bereich von Laserverarbeitungssystemen und fortschrittlicher Industrieautomation, mit Fachkenntnissen in Optik, Robotik und Maschinelles Sehen.","breadcrumb":{"@id":"https:\/\/www.evlaser.com\/de\/unternehmen\/#breadcrumb"},"inLanguage":"de","potentialAction":[{"@type":"ReadAction","target":["https:\/\/www.evlaser.com\/de\/unternehmen\/"]}]},{"@type":"ImageObject","inLanguage":"de","@id":"https:\/\/www.evlaser.com\/de\/unternehmen\/#primaryimage","url":"https:\/\/www.evlaser.com\/wp-content\/uploads\/2026\/04\/evlaser-produzione-marcatori.laser_-scaled.webp","contentUrl":"https:\/\/www.evlaser.com\/wp-content\/uploads\/2026\/04\/evlaser-produzione-marcatori.laser_-scaled.webp","width":2560,"height":1793,"caption":"Marcatori Laser Evlaser Produzione"},{"@type":"BreadcrumbList","@id":"https:\/\/www.evlaser.com\/de\/unternehmen\/#breadcrumb","itemListElement":[{"@type":"ListItem","position":1,"name":"Home","item":"https:\/\/www.evlaser.com\/de\/"},{"@type":"ListItem","position":2,"name":"Unternehmen"}]},{"@type":"WebSite","@id":"https:\/\/www.evlaser.com\/de\/#website","url":"https:\/\/www.evlaser.com\/de\/","name":"EVLASER","description":"","potentialAction":[{"@type":"SearchAction","target":{"@type":"EntryPoint","urlTemplate":"https:\/\/www.evlaser.com\/de\/?s={search_term_string}"},"query-input":{"@type":"PropertyValueSpecification","valueRequired":true,"valueName":"search_term_string"}}],"inLanguage":"de"}]}},"_links":{"self":[{"href":"https:\/\/www.evlaser.com\/de\/wp-json\/wp\/v2\/pages\/752","targetHints":{"allow":["GET"]}}],"collection":[{"href":"https:\/\/www.evlaser.com\/de\/wp-json\/wp\/v2\/pages"}],"about":[{"href":"https:\/\/www.evlaser.com\/de\/wp-json\/wp\/v2\/types\/page"}],"author":[{"embeddable":true,"href":"https:\/\/www.evlaser.com\/de\/wp-json\/wp\/v2\/users\/1"}],"replies":[{"embeddable":true,"href":"https:\/\/www.evlaser.com\/de\/wp-json\/wp\/v2\/comments?post=752"}],"version-history":[{"count":4,"href":"https:\/\/www.evlaser.com\/de\/wp-json\/wp\/v2\/pages\/752\/revisions"}],"predecessor-version":[{"id":1846,"href":"https:\/\/www.evlaser.com\/de\/wp-json\/wp\/v2\/pages\/752\/revisions\/1846"}],"wp:featuredmedia":[{"embeddable":true,"href":"https:\/\/www.evlaser.com\/de\/wp-json\/wp\/v2\/media\/2119"}],"wp:attachment":[{"href":"https:\/\/www.evlaser.com\/de\/wp-json\/wp\/v2\/media?parent=752"}],"curies":[{"name":"wp","href":"https:\/\/api.w.org\/{rel}","templated":true}]}}