{"id":759,"date":"2024-10-10T14:45:16","date_gmt":"2024-10-10T12:45:16","guid":{"rendered":"https:\/\/www.evlaser.com\/pagina-di-esempio\/"},"modified":"2026-02-25T12:16:15","modified_gmt":"2026-02-25T11:16:15","slug":"home","status":"publish","type":"page","link":"https:\/\/www.evlaser.com\/de\/","title":{"rendered":"Home"},"content":{"rendered":"<h1>INDUSTRIELLE LASERSYSTEME<\/h1>\n<p>Seit 1978 sind wir die ersten in Italien, die industrielle Lasermaschinen f\u00fcr Beschriftung, Gravur und Reinigung entwickeln und verkaufen.<br \/>\nMit fast 50 Jahren Erfahrung sind wir von Bergamo aus t\u00e4tig, im italienischen Industriezentrum, nah bei unseren Kunden, um dedizierte Beratung, p\u00fcnktliche Lieferungen, kontinuierliche Unterst\u00fctzung und schnelle technische Eingriffe zu gew\u00e4hrleisten.<\/p>\n","protected":false},"excerpt":{"rendered":"<p>INDUSTRIELLE LASERSYSTEME Seit 1978 sind wir die ersten in Italien, die industrielle Lasermaschinen f\u00fcr Beschriftung, Gravur und Reinigung entwickeln und [&hellip;]<\/p>\n","protected":false},"author":1,"featured_media":1605,"parent":0,"menu_order":0,"comment_status":"closed","ping_status":"closed","template":"index.php","meta":{"_acf_changed":false,"inline_featured_image":false,"footnotes":""},"class_list":["post-759","page","type-page","status-publish","has-post-thumbnail","hentry"],"acf":[],"yoast_head":"<!-- This site is optimized with the Yoast SEO plugin v27.6 - https:\/\/yoast.com\/product\/yoast-seo-wordpress\/ -->\n<title>EVLASER \u2013 Lasermaschinen f\u00fcr Gravur, Markierung und Reinigung<\/title>\n<meta name=\"description\" content=\"EVLaser bietet Systeme f\u00fcr Markierung, Gravur, Mikrobearbeitung und Laserreinigung, hochwertige, kundenspezifische Industriel\u00f6sungen f\u00fcr jedes Material und jeden Sektor.\" \/>\n<meta name=\"robots\" content=\"index, follow, max-snippet:-1, max-image-preview:large, max-video-preview:-1\" \/>\n<link rel=\"canonical\" href=\"https:\/\/www.evlaser.com\/de\/\" \/>\n<meta property=\"og:locale\" content=\"de_DE\" \/>\n<meta property=\"og:type\" content=\"article\" \/>\n<meta property=\"og:title\" content=\"EVLASER \u2013 Lasermaschinen f\u00fcr Gravur, Markierung und Reinigung\" \/>\n<meta property=\"og:description\" content=\"EVLaser bietet Systeme f\u00fcr Markierung, Gravur, Mikrobearbeitung und Laserreinigung, hochwertige, kundenspezifische Industriel\u00f6sungen f\u00fcr jedes Material und jeden Sektor.\" \/>\n<meta property=\"og:url\" content=\"https:\/\/www.evlaser.com\/de\/\" \/>\n<meta property=\"og:site_name\" content=\"EVLASER\" \/>\n<meta property=\"article:modified_time\" content=\"2026-02-25T11:16:15+00:00\" \/>\n<meta property=\"og:image\" content=\"https:\/\/www.evlaser.com\/wp-content\/uploads\/2025\/12\/sfondo-hp-evlaser.webp\" \/>\n\t<meta property=\"og:image:width\" content=\"1920\" \/>\n\t<meta property=\"og:image:height\" content=\"898\" \/>\n\t<meta property=\"og:image:type\" content=\"image\/webp\" \/>\n<meta name=\"twitter:card\" content=\"summary_large_image\" \/>\n<meta name=\"twitter:label1\" content=\"Gesch\u00e4tzte Lesezeit\" \/>\n\t<meta name=\"twitter:data1\" content=\"1\u00a0Minute\" \/>\n<script type=\"application\/ld+json\" class=\"yoast-schema-graph\">{\"@context\":\"https:\\\/\\\/schema.org\",\"@graph\":[{\"@type\":\"WebPage\",\"@id\":\"https:\\\/\\\/www.evlaser.com\\\/de\\\/\",\"url\":\"https:\\\/\\\/www.evlaser.com\\\/de\\\/\",\"name\":\"EVLASER \u2013 Lasermaschinen f\u00fcr Gravur, Markierung und Reinigung\",\"isPartOf\":{\"@id\":\"https:\\\/\\\/www.evlaser.com\\\/de\\\/#website\"},\"primaryImageOfPage\":{\"@id\":\"https:\\\/\\\/www.evlaser.com\\\/de\\\/#primaryimage\"},\"image\":{\"@id\":\"https:\\\/\\\/www.evlaser.com\\\/de\\\/#primaryimage\"},\"thumbnailUrl\":\"https:\\\/\\\/www.evlaser.com\\\/wp-content\\\/uploads\\\/2025\\\/12\\\/sfondo-hp-evlaser.webp\",\"datePublished\":\"2024-10-10T12:45:16+00:00\",\"dateModified\":\"2026-02-25T11:16:15+00:00\",\"description\":\"EVLaser bietet Systeme f\u00fcr Markierung, Gravur, Mikrobearbeitung und Laserreinigung, hochwertige, kundenspezifische Industriel\u00f6sungen f\u00fcr jedes Material und jeden Sektor.\",\"breadcrumb\":{\"@id\":\"https:\\\/\\\/www.evlaser.com\\\/de\\\/#breadcrumb\"},\"inLanguage\":\"de\",\"potentialAction\":[{\"@type\":\"ReadAction\",\"target\":[\"https:\\\/\\\/www.evlaser.com\\\/de\\\/\"]}]},{\"@type\":\"ImageObject\",\"inLanguage\":\"de\",\"@id\":\"https:\\\/\\\/www.evlaser.com\\\/de\\\/#primaryimage\",\"url\":\"https:\\\/\\\/www.evlaser.com\\\/wp-content\\\/uploads\\\/2025\\\/12\\\/sfondo-hp-evlaser.webp\",\"contentUrl\":\"https:\\\/\\\/www.evlaser.com\\\/wp-content\\\/uploads\\\/2025\\\/12\\\/sfondo-hp-evlaser.webp\",\"width\":1920,\"height\":898},{\"@type\":\"BreadcrumbList\",\"@id\":\"https:\\\/\\\/www.evlaser.com\\\/de\\\/#breadcrumb\",\"itemListElement\":[{\"@type\":\"ListItem\",\"position\":1,\"name\":\"Home\",\"item\":\"https:\\\/\\\/www.evlaser.com\\\/de\\\/\"},{\"@type\":\"ListItem\",\"position\":2,\"name\":\"Home\"}]},{\"@type\":\"WebSite\",\"@id\":\"https:\\\/\\\/www.evlaser.com\\\/de\\\/#website\",\"url\":\"https:\\\/\\\/www.evlaser.com\\\/de\\\/\",\"name\":\"EVLASER\",\"description\":\"\",\"potentialAction\":[{\"@type\":\"SearchAction\",\"target\":{\"@type\":\"EntryPoint\",\"urlTemplate\":\"https:\\\/\\\/www.evlaser.com\\\/de\\\/?s={search_term_string}\"},\"query-input\":{\"@type\":\"PropertyValueSpecification\",\"valueRequired\":true,\"valueName\":\"search_term_string\"}}],\"inLanguage\":\"de\"}]}<\/script>\n<!-- \/ Yoast SEO plugin. -->","yoast_head_json":{"title":"EVLASER \u2013 Lasermaschinen f\u00fcr Gravur, Markierung und Reinigung","description":"EVLaser bietet Systeme f\u00fcr Markierung, Gravur, Mikrobearbeitung und Laserreinigung, hochwertige, kundenspezifische Industriel\u00f6sungen f\u00fcr jedes Material und jeden Sektor.","robots":{"index":"index","follow":"follow","max-snippet":"max-snippet:-1","max-image-preview":"max-image-preview:large","max-video-preview":"max-video-preview:-1"},"canonical":"https:\/\/www.evlaser.com\/de\/","og_locale":"de_DE","og_type":"article","og_title":"EVLASER \u2013 Lasermaschinen f\u00fcr Gravur, Markierung und Reinigung","og_description":"EVLaser bietet Systeme f\u00fcr Markierung, Gravur, Mikrobearbeitung und Laserreinigung, hochwertige, kundenspezifische Industriel\u00f6sungen f\u00fcr jedes Material und jeden Sektor.","og_url":"https:\/\/www.evlaser.com\/de\/","og_site_name":"EVLASER","article_modified_time":"2026-02-25T11:16:15+00:00","og_image":[{"width":1920,"height":898,"url":"https:\/\/www.evlaser.com\/wp-content\/uploads\/2025\/12\/sfondo-hp-evlaser.webp","type":"image\/webp"}],"twitter_card":"summary_large_image","twitter_misc":{"Gesch\u00e4tzte Lesezeit":"1\u00a0Minute"},"schema":{"@context":"https:\/\/schema.org","@graph":[{"@type":"WebPage","@id":"https:\/\/www.evlaser.com\/de\/","url":"https:\/\/www.evlaser.com\/de\/","name":"EVLASER \u2013 Lasermaschinen f\u00fcr Gravur, Markierung und Reinigung","isPartOf":{"@id":"https:\/\/www.evlaser.com\/de\/#website"},"primaryImageOfPage":{"@id":"https:\/\/www.evlaser.com\/de\/#primaryimage"},"image":{"@id":"https:\/\/www.evlaser.com\/de\/#primaryimage"},"thumbnailUrl":"https:\/\/www.evlaser.com\/wp-content\/uploads\/2025\/12\/sfondo-hp-evlaser.webp","datePublished":"2024-10-10T12:45:16+00:00","dateModified":"2026-02-25T11:16:15+00:00","description":"EVLaser bietet Systeme f\u00fcr Markierung, Gravur, Mikrobearbeitung und Laserreinigung, hochwertige, kundenspezifische Industriel\u00f6sungen f\u00fcr jedes Material und jeden Sektor.","breadcrumb":{"@id":"https:\/\/www.evlaser.com\/de\/#breadcrumb"},"inLanguage":"de","potentialAction":[{"@type":"ReadAction","target":["https:\/\/www.evlaser.com\/de\/"]}]},{"@type":"ImageObject","inLanguage":"de","@id":"https:\/\/www.evlaser.com\/de\/#primaryimage","url":"https:\/\/www.evlaser.com\/wp-content\/uploads\/2025\/12\/sfondo-hp-evlaser.webp","contentUrl":"https:\/\/www.evlaser.com\/wp-content\/uploads\/2025\/12\/sfondo-hp-evlaser.webp","width":1920,"height":898},{"@type":"BreadcrumbList","@id":"https:\/\/www.evlaser.com\/de\/#breadcrumb","itemListElement":[{"@type":"ListItem","position":1,"name":"Home","item":"https:\/\/www.evlaser.com\/de\/"},{"@type":"ListItem","position":2,"name":"Home"}]},{"@type":"WebSite","@id":"https:\/\/www.evlaser.com\/de\/#website","url":"https:\/\/www.evlaser.com\/de\/","name":"EVLASER","description":"","potentialAction":[{"@type":"SearchAction","target":{"@type":"EntryPoint","urlTemplate":"https:\/\/www.evlaser.com\/de\/?s={search_term_string}"},"query-input":{"@type":"PropertyValueSpecification","valueRequired":true,"valueName":"search_term_string"}}],"inLanguage":"de"}]}},"_links":{"self":[{"href":"https:\/\/www.evlaser.com\/de\/wp-json\/wp\/v2\/pages\/759","targetHints":{"allow":["GET"]}}],"collection":[{"href":"https:\/\/www.evlaser.com\/de\/wp-json\/wp\/v2\/pages"}],"about":[{"href":"https:\/\/www.evlaser.com\/de\/wp-json\/wp\/v2\/types\/page"}],"author":[{"embeddable":true,"href":"https:\/\/www.evlaser.com\/de\/wp-json\/wp\/v2\/users\/1"}],"replies":[{"embeddable":true,"href":"https:\/\/www.evlaser.com\/de\/wp-json\/wp\/v2\/comments?post=759"}],"version-history":[{"count":14,"href":"https:\/\/www.evlaser.com\/de\/wp-json\/wp\/v2\/pages\/759\/revisions"}],"predecessor-version":[{"id":2043,"href":"https:\/\/www.evlaser.com\/de\/wp-json\/wp\/v2\/pages\/759\/revisions\/2043"}],"wp:featuredmedia":[{"embeddable":true,"href":"https:\/\/www.evlaser.com\/de\/wp-json\/wp\/v2\/media\/1605"}],"wp:attachment":[{"href":"https:\/\/www.evlaser.com\/de\/wp-json\/wp\/v2\/media?parent=759"}],"curies":[{"name":"wp","href":"https:\/\/api.w.org\/{rel}","templated":true}]}}